{"id":9,"date":"2018-07-02T08:08:26","date_gmt":"2018-07-02T08:08:26","guid":{"rendered":"http:\/\/bridge251.qodeinteractive.com\/?page_id=9"},"modified":"2023-05-28T16:57:44","modified_gmt":"2023-05-28T16:57:44","slug":"hispaniam-tactical-training","status":"publish","type":"page","link":"https:\/\/academyhispaniam.com\/tactical-training\/?page_id=9","title":{"rendered":"Hispaniam tactical training"},"content":{"rendered":"<p>[vc_row css_animation=\u00bb\u00bb row_type=\u00bbrow\u00bb use_row_as_full_screen_section=\u00bbno\u00bb type=\u00bbfull_width\u00bb angled_section=\u00bbno\u00bb text_align=\u00bbleft\u00bb background_image_as_pattern=\u00bbwithout_pattern\u00bb z_index=\u00bb\u00bb padding_top=\u00bb50&#8243;][vc_column width=\u00bb2\/3&#8243; css=\u00bb.vc_custom_1590140431394{padding-left: 50px !important;}\u00bb][vc_column_text]<\/p>\n<h1 style=\"text-align: left;\">Introducci\u00f3n<\/h1>\n<p>[\/vc_column_text][vc_empty_space height=\u00bb5px\u00bb][vc_separator type=\u00bbsmall\u00bb position=\u00bbleft\u00bb color=\u00bb#faa456&#8243; thickness=\u00bb5&#8243; width=\u00bb48&#8243;][vc_column_text]Nuestra formaci\u00f3n se dirige a lograr unos par\u00e1metros altos, reales , sobre diferentes conocimientos que sean \u00fatiles para el desarrollo de las funciones diarias y encomendadas a los miembros en activo, de diferentes unidades y especialidades que realizan los cursos restringidos.<\/p>\n<p style=\"text-align: center;\">En los cursos abiertos la formaci\u00f3n ser\u00e1 encaminada al conocimiento de ciertas acciones, bajo el fin de realizar actividades l\u00fadico-deportivas para el desarrollo, conocimiento y satisfacci\u00f3n del alumno.<\/p>\n<p>[\/vc_column_text][\/vc_column][vc_column width=\u00bb1\/3&#8243;][vc_empty_space height=\u00bb5px\u00bb][vc_single_image image=\u00bb515&#8243; img_size=\u00bbmedium\u00bb qode_css_animation=\u00bb\u00bb][\/vc_column][\/vc_row][vc_row css_animation=\u00bb\u00bb row_type=\u00bbrow\u00bb use_row_as_full_screen_section=\u00bbno\u00bb type=\u00bbfull_width\u00bb angled_section=\u00bbno\u00bb text_align=\u00bbleft\u00bb background_image_as_pattern=\u00bbwithout_pattern\u00bb z_index=\u00bb\u00bb padding_top=\u00bb50&#8243;][vc_column][vc_column_text]<\/p>\n<h1 style=\"text-align: center;\">C\u00f3mo desarrollamos la formaci\u00f3n<\/h1>\n<p>[\/vc_column_text][vc_empty_space height=\u00bb5px\u00bb][vc_separator type=\u00bbsmall\u00bb position=\u00bbcenter\u00bb color=\u00bb#faa456&#8243; thickness=\u00bb5&#8243; width=\u00bb48&#8243;][vc_column_text css=\u00bb.vc_custom_1685293061356{padding-left: 50px !important;}\u00bb]<strong>COMO DESARROLLAMOS LA FORMACION <\/strong><\/p>\n<p>&nbsp;<\/p>\n<p>La formaci\u00f3n se desarrolla sobre la pr\u00e1ctica en el terreno en m\u00e1s del 85% por eso es imprescindible tener unas instalaciones acordes para poder realizar una formaci\u00f3n id\u00f3nea, para ello, en el apartado de instalaciones y material podr\u00e1s ver con todo detalle todo lo que ponemos a disposici\u00f3n del alumno.<\/p>\n<p>&nbsp;<\/p>\n<p><strong>1\u00aa FORMACION RESTRINGIDA<\/strong>.<\/p>\n<p>&nbsp;<\/p>\n<p>Formaci\u00f3n extra que pueda ser \u00fatil para personal en activo de las FASS, FFCCSSE, FUERZAS POLICIALES AUTONOMICAS o LOCALES, personal debidamente acreditado de SEGURIDAD PRIVADA, o personal que tenga que ver directamente con la SEGURIDAD PUBLICA a nivel nacional. Cursos de conocimientos y desarrollos sobre materias espec\u00edficas y que sean v\u00e1lidos a nivel personal para el desarrollo de sus funciones, complemento a su formaci\u00f3n recibida si la tuviesen o incrementar conocimientos b\u00e1sicos intermedios y avanzados para su formaci\u00f3n profesional.<\/p>\n<p>&nbsp;<\/p>\n<p><strong>2\u00aa FORMACION ABIERTA.<\/strong><\/p>\n<p>&nbsp;<\/p>\n<p>Otra rama dentro de ACADEMY HISPANIAM TEMARR muy diferenciada, es la formaci\u00f3n que se desarrolle con personal que tiene una afici\u00f3n l\u00fadico-deportiva como puede ser la tem\u00e1tica general que engloba el AIRSOFT O TACTICAL GAME en la cual hay formaciones y elementos que simulan escenarios reales, pero con la expectativa de juego. En este apartado englobamos formaci\u00f3n diversa para todos los p\u00fablicos, pero con un marcado estilo \u201cmilitar\u201d y o \u201cpolicial\u201d.<\/p>\n<p>&nbsp;<\/p>\n<ul>\n<li><strong>TIPOS DE FORMACI\u00d3N<\/strong><\/li>\n<\/ul>\n<p>&nbsp;<\/p>\n<p>&nbsp;<\/p>\n<ol>\n<li><strong>TACTICAL CAMP 41 HOURS<\/strong>: Campamento de fin de semana intensivo<\/li>\n<\/ol>\n<p>&nbsp;<\/p>\n<ol start=\"2\">\n<li><strong>SPECIFIC MONOGRAPHIC COURSE<\/strong>: Cursos monogr\u00e1ficos espec\u00edficos (de 4\/5 H)<\/li>\n<li><strong>CAMP ON DEMAND<\/strong>: Campamentos bajo demanda seg\u00fan formaci\u00f3n<\/li>\n<li><strong>SPECIFIC AND DIRECTED EVENTS<\/strong><strong>:<\/strong> Eventos Espec\u00edficos<\/li>\n<li><strong>SPECIALTY FULL COURSE: <\/strong>Curso completo de Buceo, equitaci\u00f3n<strong>, <\/strong>caninos y drones<\/li>\n<li><strong>HISPANIAM CLOSE COMBAT PHISICAL: <\/strong>Formaci\u00f3n f\u00edsica total<\/li>\n<\/ol>\n<p>&nbsp;<\/p>\n<p><strong>*<\/strong>Los <u>cursos restringidos y abiertos no coincidir\u00e1n entre s<\/u>i<\/p>\n<p>&nbsp;<\/p>\n<p><strong>*<\/strong>Los<strong> SPECIFIC AND DIRECTED EVENTS (Eventos espec\u00edficos y Dirigidos) <\/strong>si podr\u00e1n coincidir ya que ser\u00e1n eventos deportivos o de hermanamiento.<\/p>\n<p>&nbsp;<\/p>\n<p><strong><em>\u00a0\u00a0\u00a0\u00a0\u00a0\u00a0\u00a0\u00a0\u00a0\u00a0\u00a0\u00a0 <u>AVISO IMPORTANTE<\/u><\/em><\/strong>:<\/p>\n<p>&nbsp;<\/p>\n<p>*Nuestra formaci\u00f3n se dirige a lograr unos par\u00e1metros altos, reales y legales sobre diferentes conocimientos que sean \u00fatiles para el desarrollo de las funciones diarias y encomendadas a los miembros en activo, de diferentes unidades y especialidades que realizan los cursos restringidos.<\/p>\n<p>&nbsp;<\/p>\n<p>*En los cursos abiertos la formaci\u00f3n estar\u00e1 encaminada al conocimiento de ciertas acciones, con el fin de realizar actividades l\u00fadico-deportivas para desarrollo, conocimiento y satisfacci\u00f3n del alumno.[\/vc_column_text][\/vc_column][\/vc_row]<\/p>\n","protected":false},"excerpt":{"rendered":"<p>[vc_row css_animation=\u00bb\u00bb row_type=\u00bbrow\u00bb use_row_as_full_screen_section=\u00bbno\u00bb type=\u00bbfull_width\u00bb angled_section=\u00bbno\u00bb text_align=\u00bbleft\u00bb background_image_as_pattern=\u00bbwithout_pattern\u00bb z_index=\u00bb\u00bb padding_top=\u00bb50&#8243;][vc_column width=\u00bb2\/3&#8243; css=\u00bb.vc_custom_1590140431394{padding-left: 50px !important;}\u00bb][vc_column_text] Introducci\u00f3n [\/vc_column_text][vc_empty_space height=\u00bb5px\u00bb][vc_separator type=\u00bbsmall\u00bb position=\u00bbleft\u00bb color=\u00bb#faa456&#8243; thickness=\u00bb5&#8243; width=\u00bb48&#8243;][vc_column_text]Nuestra formaci\u00f3n se dirige a lograr unos par\u00e1metros altos, reales , sobre diferentes conocimientos que sean \u00fatiles para el desarrollo de las funciones diarias&#8230;<\/p>\n","protected":false},"author":1,"featured_media":0,"parent":0,"menu_order":0,"comment_status":"closed","ping_status":"closed","template":"full_width.php","meta":{"footnotes":""},"class_list":["post-9","page","type-page","status-publish","hentry"],"_links":{"self":[{"href":"https:\/\/academyhispaniam.com\/tactical-training\/index.php?rest_route=\/wp\/v2\/pages\/9","targetHints":{"allow":["GET"]}}],"collection":[{"href":"https:\/\/academyhispaniam.com\/tactical-training\/index.php?rest_route=\/wp\/v2\/pages"}],"about":[{"href":"https:\/\/academyhispaniam.com\/tactical-training\/index.php?rest_route=\/wp\/v2\/types\/page"}],"author":[{"embeddable":true,"href":"https:\/\/academyhispaniam.com\/tactical-training\/index.php?rest_route=\/wp\/v2\/users\/1"}],"replies":[{"embeddable":true,"href":"https:\/\/academyhispaniam.com\/tactical-training\/index.php?rest_route=%2Fwp%2Fv2%2Fcomments&post=9"}],"version-history":[{"count":84,"href":"https:\/\/academyhispaniam.com\/tactical-training\/index.php?rest_route=\/wp\/v2\/pages\/9\/revisions"}],"predecessor-version":[{"id":1121,"href":"https:\/\/academyhispaniam.com\/tactical-training\/index.php?rest_route=\/wp\/v2\/pages\/9\/revisions\/1121"}],"wp:attachment":[{"href":"https:\/\/academyhispaniam.com\/tactical-training\/index.php?rest_route=%2Fwp%2Fv2%2Fmedia&parent=9"}],"curies":[{"name":"wp","href":"https:\/\/api.w.org\/{rel}","templated":true}]}}