{"id":7,"date":"2018-07-02T08:03:07","date_gmt":"2018-07-02T08:03:07","guid":{"rendered":"http:\/\/bridge251.qodeinteractive.com\/?page_id=7"},"modified":"2024-02-22T18:56:54","modified_gmt":"2024-02-22T18:56:54","slug":"home","status":"publish","type":"page","link":"https:\/\/academyhispaniam.com\/tactical-training\/","title":{"rendered":"Home"},"content":{"rendered":"<p>[vc_row css_animation=\u00bb\u00bb row_type=\u00bbrow\u00bb use_row_as_full_screen_section=\u00bbno\u00bb type=\u00bbfull_width\u00bb angled_section=\u00bbno\u00bb text_align=\u00bbleft\u00bb background_image_as_pattern=\u00bbwithout_pattern\u00bb][vc_column][rev_slider_vc alias=\u00bbhome\u00bb][\/vc_column][\/vc_row][vc_row css_animation=\u00bb\u00bb row_type=\u00bbrow\u00bb use_row_as_full_screen_section=\u00bbno\u00bb type=\u00bbfull_width\u00bb angled_section=\u00bbno\u00bb text_align=\u00bbleft\u00bb background_image_as_pattern=\u00bbwithout_pattern\u00bb css=\u00bb.vc_custom_1590399954563{background-image: url(https:\/\/academyhispaniam.com\/tactical-training\/wp-content\/uploads\/2020\/05\/background-2-2.jpg?id=636) !important;}\u00bb z_index=\u00bb\u00bb padding_top=\u00bb50&#8243;][vc_column][vc_column_text]<\/p>\n<h1 style=\"text-align: center;\">HISPANIAM TACTICAL TRAINING<\/h1>\n<p>&nbsp;<\/p>\n<p>[\/vc_column_text][vc_column_text]Nuestra formaci\u00f3n se dirige a lograr unos par\u00e1metros altos, reales y legales sobre diferentes conocimientos que sean \u00fatiles para el desarrollo de las funciones diarias y encomendadas a los miembros en activo, de diferentes unidades y especialidades que realizan los cursos restringidos.<\/p>\n<p>En los cursos abiertos la formaci\u00f3n ser\u00e1 encaminada al conocimiento de ciertas acciones, bajo el fin de realizar actividades l\u00fadico-deportivas para el desarrollo, conocimiento y satisfacci\u00f3n del alumno.<\/p>\n<p>&nbsp;<\/p>\n<p>&nbsp;<\/p>\n<p>[\/vc_column_text][\/vc_column][\/vc_row][vc_row css_animation=\u00bb\u00bb row_type=\u00bbrow\u00bb use_row_as_full_screen_section=\u00bbno\u00bb type=\u00bbfull_width\u00bb angled_section=\u00bbno\u00bb text_align=\u00bbleft\u00bb background_image_as_pattern=\u00bbwithout_pattern\u00bb][vc_column]<div class='qode_image_gallery_no_space '><div class='qode_image_gallery_holder' style=''><ul  ><li  ><div style=\" width:653px;\"><a itemprop=\"image\" class=\"prettyphoto\" data-rel=\"prettyPhoto[rel-131869632]\" href=\"https:\/\/academyhispaniam.com\/tactical-training\/wp-content\/uploads\/2020\/05\/tcc-1.jpg\"><img decoding=\"async\" itemprop=\"image\" src=\"https:\/\/academyhispaniam.com\/tactical-training\/wp-content\/uploads\/2020\/05\/tcc-1.jpg\" alt=\"\" \/><\/a><\/div><\/li><li  ><div style=\" width:653px;\"><a itemprop=\"image\" class=\"prettyphoto\" data-rel=\"prettyPhoto[rel-131869632]\" href=\"https:\/\/academyhispaniam.com\/tactical-training\/wp-content\/uploads\/2020\/05\/IMG_3898-1.jpg\"><img decoding=\"async\" itemprop=\"image\" src=\"https:\/\/academyhispaniam.com\/tactical-training\/wp-content\/uploads\/2020\/05\/IMG_3898-1.jpg\" alt=\"\" \/><\/a><\/div><\/li><li  ><div style=\" width:653px;\"><a itemprop=\"image\" class=\"prettyphoto\" data-rel=\"prettyPhoto[rel-131869632]\" href=\"https:\/\/academyhispaniam.com\/tactical-training\/wp-content\/uploads\/2020\/05\/tactical-1.jpg\"><img decoding=\"async\" itemprop=\"image\" src=\"https:\/\/academyhispaniam.com\/tactical-training\/wp-content\/uploads\/2020\/05\/tactical-1.jpg\" alt=\"\" \/><\/a><\/div><\/li><li  ><div style=\" width:653px;\"><a itemprop=\"image\" class=\"prettyphoto\" data-rel=\"prettyPhoto[rel-131869632]\" href=\"https:\/\/academyhispaniam.com\/tactical-training\/wp-content\/uploads\/2020\/05\/tactical-2.jpg\"><img decoding=\"async\" itemprop=\"image\" src=\"https:\/\/academyhispaniam.com\/tactical-training\/wp-content\/uploads\/2020\/05\/tactical-2.jpg\" alt=\"\" \/><\/a><\/div><\/li><li  ><div style=\" width:653px;\"><a itemprop=\"image\" class=\"prettyphoto\" data-rel=\"prettyPhoto[rel-131869632]\" href=\"https:\/\/academyhispaniam.com\/tactical-training\/wp-content\/uploads\/2020\/05\/tactical-3.jpg\"><img decoding=\"async\" itemprop=\"image\" src=\"https:\/\/academyhispaniam.com\/tactical-training\/wp-content\/uploads\/2020\/05\/tactical-3.jpg\" alt=\"\" \/><\/a><\/div><\/li><li  ><div style=\" width:653px;\"><a itemprop=\"image\" class=\"prettyphoto\" data-rel=\"prettyPhoto[rel-131869632]\" href=\"https:\/\/academyhispaniam.com\/tactical-training\/wp-content\/uploads\/2020\/05\/tactical-4jpg.jpg\"><img decoding=\"async\" itemprop=\"image\" src=\"https:\/\/academyhispaniam.com\/tactical-training\/wp-content\/uploads\/2020\/05\/tactical-4jpg.jpg\" alt=\"\" \/><\/a><\/div><\/li><li  ><div style=\" width:536px;\"><a itemprop=\"image\" class=\"prettyphoto\" data-rel=\"prettyPhoto[rel-131869632]\" href=\"https:\/\/academyhispaniam.com\/tactical-training\/wp-content\/uploads\/2024\/02\/BUENA_TIBURON-removebg-preview-removebg-preview.png\"><img decoding=\"async\" itemprop=\"image\" src=\"https:\/\/academyhispaniam.com\/tactical-training\/wp-content\/uploads\/2024\/02\/BUENA_TIBURON-removebg-preview-removebg-preview.png\" alt=\"\" \/><\/a><\/div><\/li><\/ul><\/div><div class=\"controls\"><a class=\"prev-slide\" href=\"#\"><span><i class=\"fa fa-angle-left\"><\/i><\/span><\/a><a class=\"next-slide\" href=\"#\"><span><i class=\"fa fa-angle-right\"><\/i><\/span><\/a><\/div><\/div>[\/vc_column][\/vc_row]<\/p>\n","protected":false},"excerpt":{"rendered":"<p>[vc_row css_animation=\u00bb\u00bb row_type=\u00bbrow\u00bb use_row_as_full_screen_section=\u00bbno\u00bb type=\u00bbfull_width\u00bb angled_section=\u00bbno\u00bb text_align=\u00bbleft\u00bb background_image_as_pattern=\u00bbwithout_pattern\u00bb][vc_column][rev_slider_vc alias=\u00bbhome\u00bb][\/vc_column][\/vc_row][vc_row css_animation=\u00bb\u00bb row_type=\u00bbrow\u00bb use_row_as_full_screen_section=\u00bbno\u00bb type=\u00bbfull_width\u00bb angled_section=\u00bbno\u00bb text_align=\u00bbleft\u00bb background_image_as_pattern=\u00bbwithout_pattern\u00bb css=\u00bb.vc_custom_1590399954563{background-image: url(https:\/\/academyhispaniam.com\/tactical-training\/wp-content\/uploads\/2020\/05\/background-2-2.jpg?id=636) !important;}\u00bb z_index=\u00bb\u00bb padding_top=\u00bb50&#8243;][vc_column][vc_column_text] HISPANIAM TACTICAL TRAINING &nbsp; [\/vc_column_text][vc_column_text]Nuestra formaci\u00f3n se dirige a lograr unos par\u00e1metros altos, reales y legales sobre diferentes conocimientos que sean \u00fatiles para el&#8230;<\/p>\n","protected":false},"author":1,"featured_media":0,"parent":0,"menu_order":0,"comment_status":"closed","ping_status":"closed","template":"full_width.php","meta":{"footnotes":""},"class_list":["post-7","page","type-page","status-publish","hentry"],"_links":{"self":[{"href":"https:\/\/academyhispaniam.com\/tactical-training\/index.php?rest_route=\/wp\/v2\/pages\/7","targetHints":{"allow":["GET"]}}],"collection":[{"href":"https:\/\/academyhispaniam.com\/tactical-training\/index.php?rest_route=\/wp\/v2\/pages"}],"about":[{"href":"https:\/\/academyhispaniam.com\/tactical-training\/index.php?rest_route=\/wp\/v2\/types\/page"}],"author":[{"embeddable":true,"href":"https:\/\/academyhispaniam.com\/tactical-training\/index.php?rest_route=\/wp\/v2\/users\/1"}],"replies":[{"embeddable":true,"href":"https:\/\/academyhispaniam.com\/tactical-training\/index.php?rest_route=%2Fwp%2Fv2%2Fcomments&post=7"}],"version-history":[{"count":62,"href":"https:\/\/academyhispaniam.com\/tactical-training\/index.php?rest_route=\/wp\/v2\/pages\/7\/revisions"}],"predecessor-version":[{"id":1162,"href":"https:\/\/academyhispaniam.com\/tactical-training\/index.php?rest_route=\/wp\/v2\/pages\/7\/revisions\/1162"}],"wp:attachment":[{"href":"https:\/\/academyhispaniam.com\/tactical-training\/index.php?rest_route=%2Fwp%2Fv2%2Fmedia&parent=7"}],"curies":[{"name":"wp","href":"https:\/\/api.w.org\/{rel}","templated":true}]}}