{"id":414,"date":"2020-05-04T12:05:46","date_gmt":"2020-05-04T12:05:46","guid":{"rendered":"http:\/\/opala.es\/academia\/?page_id=414"},"modified":"2022-12-18T12:22:55","modified_gmt":"2022-12-18T12:22:55","slug":"sobre-nosotros","status":"publish","type":"page","link":"https:\/\/academyhispaniam.com\/tactical-training\/?page_id=414","title":{"rendered":"Sobre nosotros"},"content":{"rendered":"<p>[vc_row css_animation=\u00bb\u00bb row_type=\u00bbrow\u00bb use_row_as_full_screen_section=\u00bbno\u00bb type=\u00bbgrid\u00bb angled_section=\u00bbno\u00bb text_align=\u00bbleft\u00bb background_image_as_pattern=\u00bbwithout_pattern\u00bb padding_top=\u00bb50&#8243; css=\u00bb.vc_custom_1590140109315{padding-bottom: 20px !important;background-image: url(https:\/\/academyhispaniam.com\/tactical-training\/wp-content\/uploads\/2020\/05\/background-2-tactical.jpg?id=495) !important;}\u00bb z_index=\u00bb\u00bb][vc_column][vc_row_inner row_type=\u00bbrow\u00bb type=\u00bbfull_width\u00bb text_align=\u00bbleft\u00bb css_animation=\u00bb\u00bb][vc_column_inner offset=\u00bbvc_col-lg-6 vc_col-md-6&#8243;][qode_elements_holder number_of_columns=\u00bbone_column\u00bb][qode_elements_holder_item advanced_animations=\u00bbno\u00bb item_padding_1280_1440=\u00bb9% 11% 0 122px\u00bb item_padding_1024_1280=\u00bb9% 11% 0 122px\u00bb item_padding_768_1024=\u00bb0% 6% 0 99px\u00bb item_padding_600_768=\u00bb15% 12% 0 89px\u00bb item_padding_480_600=\u00bb15% 5% 0 41px\u00bb item_padding_480=\u00bb15% 5% 0 41px\u00bb][vc_column_text]<\/p>\n<h1>Nuestra misi\u00f3n<\/h1>\n<p>[\/vc_column_text][\/qode_elements_holder_item][\/qode_elements_holder][\/vc_column_inner][\/vc_row_inner][vc_column_text]Academy Hispaniam Temarr (Academia Espa\u00f1a Tierra, Mar y Aire) nace con una sola y ambiciosa intenci\u00f3n, la de ofrecer formaci\u00f3n a trav\u00e9s de distintos tipos de cursos de m\u00e1xima calidad. Gracias a la s\u00f3lida experiencia tanto a nivel alumno \/ profesor y en base a contrataci\u00f3n de diferentes acciones formativas a nivel empresa, tanto p\u00fablica como privada nos embarcamos con la ilusi\u00f3n y motivaci\u00f3n para poder hacer realidad nuestro proyecto.<\/p>\n<p>En estos a\u00f1os atr\u00e1s, realizamos un estudio detallado y minucioso de las necesidades a la hora de lanzar A.H.T. y decidimos, aunar ciertas acciones prioritarias y fundamentales que estamos convencidos marcaran la diferencia. Las pr\u00e1cticas, las instalaciones, los instructores, los medios utilizados, la colaboraci\u00f3n directa con otras entidades especializadas en materias muy concretas son un conjunto de m\u00e1xima garant\u00eda, para la ejecuci\u00f3n de las actividades con eficacia.<\/p>\n<p>Nuestra intenci\u00f3n objetiva de base es clara, seremos humildes, autocr\u00edticos con nosotros mismos y nos adaptaremos a las exigencias reales y necesarias. Buscar el equilibrio, eficacia, aprendizaje y mejora es nuestro objetivo final.<\/p>\n<p>Para nosotros lo mejor, imprescindible y esencial, es el ALUMNO, queremos que cada actividad que realicemos se convierta en algo fraternal, apartado este, que si se consigue es porque hemos realizado bien el trabajo encomendado. El alumno deber\u00e1 de salir con una formaci\u00f3n, que le sea \u00fatil de verdad, sincera, sin cuentos y sobre todo real.<\/p>\n<p>El respeto a nuestra constituci\u00f3n y lo que representa, el apoyo y admiraci\u00f3n a nuestros compa\u00f1eros de las FFAA Y FFCCSSE, o entidades p\u00fablicas y privadas de \u00e1mbito local y auton\u00f3mico relacionadas con la SEGURIDAD, son una norma b\u00e1sica en ACADEMY HISPANIAM TEMARR.<\/p>\n<p>[\/vc_column_text][vc_empty_space height=\u00bb40px\u00bb][vc_column_text]<\/p>\n<h1>Nuestro modelo de direcci\u00f3n<\/h1>\n<p>[\/vc_column_text][vc_column_text]La direcci\u00f3n de Academy Hispaniam Temarr es la encargada de la organizaci\u00f3n, gesti\u00f3n, distribuci\u00f3n, desarrollo y ejecuci\u00f3n de todas las actividades de una manera integral. En nuestra direcci\u00f3n se desarrolla la necesaria innovaci\u00f3n y capacidad de respuesta ante cualquier cambio que nos puedan afectar a corto, medio y largo plazo en cualquier situaci\u00f3n ya sea de la \u00edndole que sea.<\/p>\n<p>Utilizamos el m\u00e9todo: \u201cLiderazgo participativo o democr\u00e1tico\u201d, \u00bfqu\u00e9 significa esto? A pesar de que es el m\u00e1ximo responsable es el que toma la \u00faltima decisi\u00f3n, la direcci\u00f3n, invita siempre a los miembros de su equipo a contribuir con el proceso de toma de decisiones.<\/p>\n<p>Los miembros responsables de nuestro equipo tienen el control de su propia unidad departamental, as\u00ed, est\u00e1n siempre motivados, con ganas de trabajar duro, buscando continuamente conseguir la excelencia, poniendo la satisfacci\u00f3n profesional como objetivo principal por encima de otras.<\/p>\n<p>Este estilo de liderazgo lo asumimos y lo desarrollamos porque es esencial el trabajo en equipo. En ACADEMY HISPANIAM TEMARR entendemos que la calidad, es m\u00e1s importante que la velocidad o la productividad.<\/p>\n<p><strong>Como bien dijo Dwight D. Eisenhower:<\/strong><\/p>\n<p><strong>\u201cEn la preparaci\u00f3n para una batalla siempre he aprendido que los planes son in\u00fatiles, pero tambi\u00e9n que la planificaci\u00f3n es indispensable.<\/strong>[\/vc_column_text][vc_column_text]Este estilo de liderazgo lo asumimos y lo desarrollamos porque es esencial el trabajo en equipo. En ACADEMY HISPANIAM TEMARR entendemos que la calidad, es m\u00e1s importante que la velocidad o la productividad.<\/p>\n<p>Una norma que tenemos en la Direccion es\u00a0 la SINCERIDAD\u00a0 a la hora de GESTIONAR cualquier departamento en cualquier momento o circunstancia.<\/p>\n<p style=\"text-align: center;\">Como bien dijo Dwight D. Eisenhower<\/p>\n<p style=\"text-align: center;\">\u201cEn la preparaci\u00f3n para una batalla siempre he aprendido que los planes son in\u00fatiles, pero tambi\u00e9n que la planificaci\u00f3n es indispensable.\u201d<\/p>\n<p>[\/vc_column_text][\/vc_column][\/vc_row][vc_row css_animation=\u00bb\u00bb row_type=\u00bbrow\u00bb use_row_as_full_screen_section=\u00bbno\u00bb type=\u00bbgrid\u00bb angled_section=\u00bbno\u00bb text_align=\u00bbleft\u00bb background_image_as_pattern=\u00bbwithout_pattern\u00bb padding_top=\u00bb50&#8243; css=\u00bb.vc_custom_1590055122659{padding-bottom: 20px !important;background-color: #161422 !important;}\u00bb z_index=\u00bb\u00bb][vc_column][\/vc_column][\/vc_row][vc_row css_animation=\u00bb\u00bb row_type=\u00bbrow\u00bb use_row_as_full_screen_section=\u00bbno\u00bb type=\u00bbgrid\u00bb angled_section=\u00bbno\u00bb text_align=\u00bbleft\u00bb background_image_as_pattern=\u00bbwithout_pattern\u00bb padding_top=\u00bb50&#8243; css=\u00bb.vc_custom_1591958343649{padding-bottom: 20px !important;background-image: url(https:\/\/academyhispaniam.com\/tactical-training\/wp-content\/uploads\/2020\/06\/foto-opala-ultima-2-min-1-scaled.jpg?id=675) !important;}\u00bb z_index=\u00bb\u00bb][vc_column][vc_column_text]<\/p>\n<h1>Nuestro equipo instructor<\/h1>\n<p>[\/vc_column_text][vc_column_text]<strong><em><u>CONFIAMOS EN NUESTRO EQUIPO DE INSTRUCTORES AL 100 %<\/u><\/em><\/strong><\/p>\n<p>&nbsp;<\/p>\n<p>Son parte fundamental y esencial, la actitud y aptitud de un instructor deben de ir a la par y podemos estar orgullosos de contar con los mejores a nivel personal, y profesional.<\/p>\n<p>Cumplen un requisito indispensable en ACADEMY HISPANIAM TEMARR que es, el de su formaci\u00f3n constante, entendemos que un instructor debe de estar recicl\u00e1ndose y form\u00e1ndose siempre para as\u00ed, poder ofrecer una ense\u00f1anza de calidad.<\/p>\n<p>Todos nuestros instructores han pertenecido, pertenecen o est\u00e1n vinculados con nuestras FFAASS y FFCCSSE en diferentes unidades.<\/p>\n<p>En los departamentos creados en Academy Hispaniam Temarr, hay un Instructor que ser\u00e1 el m\u00e1ximo responsable y especialista.<\/p>\n<p>La formaci\u00f3n de cada uno de los miembros del grupo de formadores es muy amplia a nivel operativo. Esto hace que se complementen activamente en cualquier departamento para colaborar entre s\u00ed, formando un grupo compacto, homog\u00e9neo y eficaz.<\/p>\n<p>Nuestros instructores cuentan con las titulaciones debidamente homologadas por diferentes entidades que les capacita para poder ofrecer formaci\u00f3n con las m\u00e1ximas garant\u00edas. Tienen sus seguros de responsabilidad civil y accidentes en vigor.<\/p>\n<p>Tenemos convenios de colaboraci\u00f3n con entidades privadas para la realizaci\u00f3n de cursos de especializaci\u00f3n muy espec\u00edfica, pero bajo supervisi\u00f3n y gesti\u00f3n de ACADEMY HISPANIAM TEMARR.<\/p>\n<p>&nbsp;<\/p>\n<p><strong>\u201cSeas lo que seas, s\u00e9 uno de los buenos\u201d.<\/strong><\/p>\n<p><strong>Abraham Lincoln<\/strong>[\/vc_column_text][vc_separator type=\u00bbsmall\u00bb position=\u00bbleft\u00bb color=\u00bb#faa456&#8243; thickness=\u00bb5&#8243; width=\u00bb48&#8243;][vc_separator type=\u00bbsmall\u00bb position=\u00bbleft\u00bb color=\u00bb#faa456&#8243; thickness=\u00bb5&#8243; width=\u00bb48&#8243;][\/vc_column][\/vc_row][vc_row css_animation=\u00bb\u00bb row_type=\u00bbrow\u00bb use_row_as_full_screen_section=\u00bbno\u00bb type=\u00bbgrid\u00bb angled_section=\u00bbno\u00bb text_align=\u00bbleft\u00bb background_image_as_pattern=\u00bbwithout_pattern\u00bb z_index=\u00bb\u00bb padding_top=\u00bb50&#8243;][vc_column][vc_column_text]<\/p>\n<h1 style=\"text-align: center;\">\u00a0SECCIONES ACADEMY HISPANIAM TACTICAL TRAINING<\/h1>\n<p>[\/vc_column_text][vc_empty_space height=\u00bb5px\u00bb image_repeat=\u00bbno-repeat\u00bb background_image=\u00bb930&#8243;][vc_separator type=\u00bbsmall\u00bb position=\u00bbcenter\u00bb color=\u00bb#faa456&#8243; thickness=\u00bb5&#8243; width=\u00bb48&#8243;][vc_gallery type=\u00bbimage_grid\u00bb images=\u00bb998,1008,1020,1019,1018,1017&#8243; img_size=\u00bbmedium\u00bb onclick=\u00bbimg_link_large\u00bb column_number=\u00bb6&#8243; grayscale=\u00bbyes\u00bb images_space=\u00bbgallery_with_space\u00bb css=\u00bb.vc_custom_1671364197462{margin-left: 5px !important;border-radius: 3px !important;}\u00bb][\/vc_column][\/vc_row][vc_row css_animation=\u00bb\u00bb row_type=\u00bbrow\u00bb use_row_as_full_screen_section=\u00bbno\u00bb type=\u00bbgrid\u00bb angled_section=\u00bbno\u00bb text_align=\u00bbleft\u00bb background_image_as_pattern=\u00bbwithout_pattern\u00bb z_index=\u00bb\u00bb padding_top=\u00bb50&#8243;][vc_column][vc_column_text]<\/p>\n<h1 style=\"text-align: center;\"><strong>SERVICIOS E INSTALACIONES ACADEMY HISPANIAM\u00a0<\/strong><\/h1>\n<p>[\/vc_column_text][vc_separator type=\u00bbsmall\u00bb position=\u00bbcenter\u00bb color=\u00bb#faa456&#8243; thickness=\u00bb5&#8243; width=\u00bb48&#8243;][vc_column_text css=\u00bb.vc_custom_1589457249222{padding-left: 50px !important;}\u00bb]El desarrollo de las actividades y ejercicios de ACADEMY HISPANIAM TEMARR se realizan en tres fincas privadas, una cuenta con de m\u00e1s de 52.000 m2 que es nuestra base principal, donde hacemos la vida diaria, a la que llamamos\u00a0\u00a0 \u00abEL COMPLEJO\u201d, la segunda finca de m\u00e1s de 12.000 m2, es conocida como LA ZONA, donde tenemos ubicada nuestra pista de aplicaci\u00f3n y diversos escenarios t\u00e1cticos. La tercera finca que abarca m\u00e1s de 280.000 m2 La conocemos como \u00abLA COLINA \u00bb donde realizamos diversas actividades, en un entono completamente controlado, en plena naturaleza. La uni\u00f3n de estas tres parcelas, est\u00e1n extendidas entre s\u00ed por miles de m2 de su flora y fauna caracter\u00edstica del valle del Ti\u00e9tar junto a la Sierra de Gredos. No podemos olvidar la cercan\u00eda del r\u00edo y del pantano. Es de vital importancia informar a nuestros alumnos que, en este paraje, nosotros somos los invitados, y jam\u00e1s realizamos actos que perjudiquen el medio ambiente. Breve descripci\u00f3n de las instalaciones.[\/vc_column_text][\/vc_column][\/vc_row][vc_row css_animation=\u00bb\u00bb row_type=\u00bbrow\u00bb use_row_as_full_screen_section=\u00bbno\u00bb type=\u00bbgrid\u00bb angled_section=\u00bbno\u00bb text_align=\u00bbleft\u00bb background_image_as_pattern=\u00bbwithout_pattern\u00bb z_index=\u00bb\u00bb padding_top=\u00bb20&#8243; padding_bottom=\u00bb20&#8243;][vc_column width=\u00bb1\/3&#8243;][vc_column_text]1.- Caba\u00f1as de madera con varias configuraciones por n\u00famero de alumnos, con servicio completo, aire acondicionado y calefacci\u00f3n.[\/vc_column_text][\/vc_column][vc_column width=\u00bb1\/3&#8243;][vc_single_image image=\u00bb543&#8243; img_size=\u00bbmedium\u00bb qode_css_animation=\u00bb\u00bb][\/vc_column][vc_column width=\u00bb1\/3&#8243;][vc_single_image image=\u00bb547&#8243; img_size=\u00bbmedium\u00bb qode_css_animation=\u00bb\u00bb][\/vc_column][\/vc_row][vc_row css_animation=\u00bb\u00bb row_type=\u00bbrow\u00bb use_row_as_full_screen_section=\u00bbno\u00bb type=\u00bbgrid\u00bb angled_section=\u00bbno\u00bb text_align=\u00bbleft\u00bb background_image_as_pattern=\u00bbwithout_pattern\u00bb z_index=\u00bb\u00bb padding_top=\u00bb20&#8243; padding_bottom=\u00bb20&#8243;][vc_column width=\u00bb1\/3&#8243;][vc_column_text]2.- Cocina propia, para una comida sana y equilibrada, se realizan todo tipo de men\u00fas. Gestionamos dietas si el alumno necesita control alimenticio especial.[\/vc_column_text][\/vc_column][vc_column width=\u00bb1\/3&#8243;][vc_single_image image=\u00bb567&#8243; img_size=\u00bbmedium\u00bb qode_css_animation=\u00bb\u00bb][\/vc_column][vc_column width=\u00bb1\/3&#8243;][vc_single_image image=\u00bb566&#8243; img_size=\u00bbmedium\u00bb qode_css_animation=\u00bb\u00bb][\/vc_column][\/vc_row][vc_row css_animation=\u00bb\u00bb row_type=\u00bbrow\u00bb use_row_as_full_screen_section=\u00bbno\u00bb type=\u00bbgrid\u00bb angled_section=\u00bbno\u00bb text_align=\u00bbleft\u00bb background_image_as_pattern=\u00bbwithout_pattern\u00bb z_index=\u00bb\u00bb padding_top=\u00bb20&#8243; padding_bottom=\u00bb20&#8243;][vc_column width=\u00bb1\/3&#8243;][vc_column_text]3.- Piscina con tres profundidades de grandes dimensiones en forma rectangular y pila de descanso.[\/vc_column_text][\/vc_column][vc_column width=\u00bb1\/3&#8243;][vc_single_image image=\u00bb549&#8243; img_size=\u00bbmedium\u00bb qode_css_animation=\u00bb\u00bb][\/vc_column][vc_column width=\u00bb1\/3&#8243;][vc_single_image image=\u00bb551&#8243; img_size=\u00bbmedium\u00bb qode_css_animation=\u00bb\u00bb][\/vc_column][\/vc_row][vc_row css_animation=\u00bb\u00bb row_type=\u00bbrow\u00bb use_row_as_full_screen_section=\u00bbno\u00bb type=\u00bbgrid\u00bb angled_section=\u00bbno\u00bb text_align=\u00bbleft\u00bb background_image_as_pattern=\u00bbwithout_pattern\u00bb z_index=\u00bb\u00bb padding_top=\u00bb20&#8243; padding_bottom=\u00bb20&#8243;][vc_column width=\u00bb1\/3&#8243;][vc_column_text]4.- Zona de cuadras y dos pistas de equitaci\u00f3n una cubierta y la otra al aire libre.[\/vc_column_text][\/vc_column][vc_column width=\u00bb1\/3&#8243;][vc_single_image image=\u00bb552&#8243; img_size=\u00bbmedium\u00bb qode_css_animation=\u00bb\u00bb][\/vc_column][vc_column width=\u00bb1\/3&#8243;][vc_single_image image=\u00bb550&#8243; img_size=\u00bbmedium\u00bb qode_css_animation=\u00bb\u00bb][\/vc_column][\/vc_row][vc_row css_animation=\u00bb\u00bb row_type=\u00bbrow\u00bb use_row_as_full_screen_section=\u00bbno\u00bb type=\u00bbgrid\u00bb angled_section=\u00bbno\u00bb text_align=\u00bbleft\u00bb background_image_as_pattern=\u00bbwithout_pattern\u00bb z_index=\u00bb\u00bb padding_top=\u00bb20&#8243; padding_bottom=\u00bb20&#8243;][vc_column width=\u00bb1\/3&#8243;][vc_column_text]5.- Contamos con bastantes zonas libre de obst\u00e1culos para realizar los ejercicios de diferentes actividades.[\/vc_column_text][\/vc_column][vc_column width=\u00bb1\/3&#8243;][vc_single_image image=\u00bb571&#8243; img_size=\u00bbmedium\u00bb qode_css_animation=\u00bb\u00bb][\/vc_column][vc_column width=\u00bb1\/3&#8243;][vc_single_image image=\u00bb572&#8243; img_size=\u00bbmedium\u00bb qode_css_animation=\u00bb\u00bb][\/vc_column][\/vc_row][vc_row css_animation=\u00bb\u00bb row_type=\u00bbrow\u00bb use_row_as_full_screen_section=\u00bbno\u00bb type=\u00bbgrid\u00bb angled_section=\u00bbno\u00bb text_align=\u00bbleft\u00bb background_image_as_pattern=\u00bbwithout_pattern\u00bb z_index=\u00bb\u00bb padding_top=\u00bb20&#8243; padding_bottom=\u00bb20&#8243;][vc_column width=\u00bb1\/3&#8243;][vc_column_text]6.- Zonas deportivas con multitud de pistas diferentes para el desarrollo de todo tipo de actividades.[\/vc_column_text][\/vc_column][vc_column width=\u00bb1\/3&#8243;][vc_single_image image=\u00bb558&#8243; img_size=\u00bbmedium\u00bb qode_css_animation=\u00bb\u00bb][\/vc_column][vc_column width=\u00bb1\/3&#8243;][vc_single_image image=\u00bb568&#8243; img_size=\u00bbmedium\u00bb qode_css_animation=\u00bb\u00bb][\/vc_column][\/vc_row][vc_row css_animation=\u00bb\u00bb row_type=\u00bbrow\u00bb use_row_as_full_screen_section=\u00bbno\u00bb type=\u00bbgrid\u00bb angled_section=\u00bbno\u00bb text_align=\u00bbleft\u00bb background_image_as_pattern=\u00bbwithout_pattern\u00bb z_index=\u00bb\u00bb padding_top=\u00bb20&#8243; padding_bottom=\u00bb20&#8243;][vc_column width=\u00bb1\/3&#8243;][vc_column_text]7.- Aula de formaci\u00f3n con todo lo necesario para la realizaci\u00f3n de las diferentes te\u00f3ricas, contamos con todo lo imprescindible.[\/vc_column_text][\/vc_column][vc_column width=\u00bb1\/3&#8243;][vc_single_image image=\u00bb1034&#8243; img_size=\u00bbmedium\u00bb qode_css_animation=\u00bb\u00bb][\/vc_column][vc_column width=\u00bb1\/3&#8243;][vc_single_image image=\u00bb1038&#8243; img_size=\u00bbmedium\u00bb qode_css_animation=\u00bb\u00bb][\/vc_column][\/vc_row][vc_row css_animation=\u00bb\u00bb row_type=\u00bbrow\u00bb use_row_as_full_screen_section=\u00bbno\u00bb type=\u00bbgrid\u00bb angled_section=\u00bbno\u00bb text_align=\u00bbleft\u00bb background_image_as_pattern=\u00bbwithout_pattern\u00bb z_index=\u00bb\u00bb padding_top=\u00bb20&#8243; padding_bottom=\u00bb20&#8243;][vc_column width=\u00bb1\/3&#8243;][vc_column_text]8.- Zona de Pista Militar o de aplicaci\u00f3n. A la vez en esa zona se realizan varias actividades por su configuraci\u00f3n m\u00f3vil.[\/vc_column_text][\/vc_column][vc_column width=\u00bb1\/3&#8243;][vc_single_image image=\u00bb1041&#8243; img_size=\u00bbmedium\u00bb qode_css_animation=\u00bb\u00bb][\/vc_column][vc_column width=\u00bb1\/3&#8243;][vc_single_image image=\u00bb1040&#8243; img_size=\u00bbmedium\u00bb qode_css_animation=\u00bb\u00bb][\/vc_column][\/vc_row][vc_row css_animation=\u00bb\u00bb row_type=\u00bbrow\u00bb use_row_as_full_screen_section=\u00bbno\u00bb type=\u00bbgrid\u00bb angled_section=\u00bbno\u00bb text_align=\u00bbleft\u00bb background_image_as_pattern=\u00bbwithout_pattern\u00bb z_index=\u00bb\u00bb padding_top=\u00bb20&#8243; padding_bottom=\u00bb20&#8243;][vc_column width=\u00bb1\/3&#8243;][vc_column_text]9.- Zonas de Escalada fija, zonas de aprendizaje y zonas de ejercicio a\u00e9reos mediante cuerdas.[\/vc_column_text][\/vc_column][vc_column width=\u00bb1\/3&#8243;][vc_single_image image=\u00bb504&#8243; img_size=\u00bbmedium\u00bb qode_css_animation=\u00bb\u00bb][\/vc_column][vc_column width=\u00bb1\/3&#8243;][vc_single_image image=\u00bb1046&#8243; img_size=\u00bbmedium\u00bb qode_css_animation=\u00bb\u00bb][\/vc_column][\/vc_row][vc_row css_animation=\u00bb\u00bb row_type=\u00bbrow\u00bb use_row_as_full_screen_section=\u00bbno\u00bb type=\u00bbgrid\u00bb angled_section=\u00bbno\u00bb text_align=\u00bbleft\u00bb background_image_as_pattern=\u00bbwithout_pattern\u00bb z_index=\u00bb\u00bb padding_top=\u00bb20&#8243; padding_bottom=\u00bb20&#8243;][vc_column width=\u00bb1\/3&#8243;][vc_column_text]10.- Zona pr\u00f3xima a varios pantanos donde realizamos diferentes actividades.[\/vc_column_text][\/vc_column][vc_column width=\u00bb1\/3&#8243;][vc_single_image image=\u00bb500&#8243; img_size=\u00bbmedium\u00bb qode_css_animation=\u00bb\u00bb][\/vc_column][vc_column width=\u00bb1\/3&#8243;][vc_single_image image=\u00bb481&#8243; img_size=\u00bbmedium\u00bb qode_css_animation=\u00bb\u00bb][\/vc_column][\/vc_row][vc_row css_animation=\u00bb\u00bb row_type=\u00bbrow\u00bb use_row_as_full_screen_section=\u00bbno\u00bb type=\u00bbgrid\u00bb angled_section=\u00bbno\u00bb text_align=\u00bbleft\u00bb background_image_as_pattern=\u00bbwithout_pattern\u00bb z_index=\u00bb\u00bb padding_top=\u00bb20&#8243; padding_bottom=\u00bb20&#8243;][vc_column width=\u00bb1\/3&#8243;][vc_column_text]11.- Contamos con la cercan\u00eda de r\u00edo realizando diferentes t\u00e1cticas y t\u00e9cnicas.[\/vc_column_text][\/vc_column][vc_column width=\u00bb1\/3&#8243;][vc_single_image image=\u00bb1044&#8243; img_size=\u00bbmedium\u00bb qode_css_animation=\u00bb\u00bb][\/vc_column][vc_column width=\u00bb1\/3&#8243;][vc_single_image image=\u00bb1043&#8243; img_size=\u00bbmedium\u00bb qode_css_animation=\u00bb\u00bb][\/vc_column][\/vc_row][vc_row css_animation=\u00bb\u00bb row_type=\u00bbrow\u00bb use_row_as_full_screen_section=\u00bbno\u00bb type=\u00bbgrid\u00bb angled_section=\u00bbno\u00bb text_align=\u00bbleft\u00bb background_image_as_pattern=\u00bbwithout_pattern\u00bb z_index=\u00bb\u00bb padding_top=\u00bb20&#8243; padding_bottom=\u00bb20&#8243;][vc_column width=\u00bb1\/3&#8243;][vc_column_text]12.- Las instalaciones est\u00e1n aisladas, contamos con plan de protecci\u00f3n y evacuaci\u00f3n.[\/vc_column_text][\/vc_column][vc_column width=\u00bb1\/3&#8243;][vc_single_image image=\u00bb310&#8243; img_size=\u00bbmedium\u00bb qode_css_animation=\u00bb\u00bb][\/vc_column][vc_column width=\u00bb1\/3&#8243;][vc_single_image image=\u00bb550&#8243; img_size=\u00bbmedium\u00bb qode_css_animation=\u00bb\u00bb][\/vc_column][\/vc_row]<\/p>\n","protected":false},"excerpt":{"rendered":"<p>[vc_row css_animation=\u00bb\u00bb row_type=\u00bbrow\u00bb use_row_as_full_screen_section=\u00bbno\u00bb type=\u00bbgrid\u00bb angled_section=\u00bbno\u00bb text_align=\u00bbleft\u00bb background_image_as_pattern=\u00bbwithout_pattern\u00bb padding_top=\u00bb50&#8243; css=\u00bb.vc_custom_1590140109315{padding-bottom: 20px !important;background-image: url(https:\/\/academyhispaniam.com\/tactical-training\/wp-content\/uploads\/2020\/05\/background-2-tactical.jpg?id=495) !important;}\u00bb z_index=\u00bb\u00bb][vc_column][vc_row_inner row_type=\u00bbrow\u00bb type=\u00bbfull_width\u00bb text_align=\u00bbleft\u00bb css_animation=\u00bb\u00bb][vc_column_inner offset=\u00bbvc_col-lg-6 vc_col-md-6&#8243;][qode_elements_holder number_of_columns=\u00bbone_column\u00bb][qode_elements_holder_item advanced_animations=\u00bbno\u00bb item_padding_1280_1440=\u00bb9% 11% 0 122px\u00bb item_padding_1024_1280=\u00bb9% 11% 0 122px\u00bb item_padding_768_1024=\u00bb0% 6% 0 99px\u00bb item_padding_600_768=\u00bb15% 12% 0 89px\u00bb item_padding_480_600=\u00bb15% 5% 0 41px\u00bb item_padding_480=\u00bb15% 5%&#8230;<\/p>\n","protected":false},"author":1,"featured_media":0,"parent":0,"menu_order":0,"comment_status":"closed","ping_status":"closed","template":"full_width.php","meta":{"footnotes":""},"class_list":["post-414","page","type-page","status-publish","hentry"],"_links":{"self":[{"href":"https:\/\/academyhispaniam.com\/tactical-training\/index.php?rest_route=\/wp\/v2\/pages\/414","targetHints":{"allow":["GET"]}}],"collection":[{"href":"https:\/\/academyhispaniam.com\/tactical-training\/index.php?rest_route=\/wp\/v2\/pages"}],"about":[{"href":"https:\/\/academyhispaniam.com\/tactical-training\/index.php?rest_route=\/wp\/v2\/types\/page"}],"author":[{"embeddable":true,"href":"https:\/\/academyhispaniam.com\/tactical-training\/index.php?rest_route=\/wp\/v2\/users\/1"}],"replies":[{"embeddable":true,"href":"https:\/\/academyhispaniam.com\/tactical-training\/index.php?rest_route=%2Fwp%2Fv2%2Fcomments&post=414"}],"version-history":[{"count":140,"href":"https:\/\/academyhispaniam.com\/tactical-training\/index.php?rest_route=\/wp\/v2\/pages\/414\/revisions"}],"predecessor-version":[{"id":1029,"href":"https:\/\/academyhispaniam.com\/tactical-training\/index.php?rest_route=\/wp\/v2\/pages\/414\/revisions\/1029"}],"wp:attachment":[{"href":"https:\/\/academyhispaniam.com\/tactical-training\/index.php?rest_route=%2Fwp%2Fv2%2Fmedia&parent=414"}],"curies":[{"name":"wp","href":"https:\/\/api.w.org\/{rel}","templated":true}]}}