{"id":430,"date":"2020-05-04T11:15:08","date_gmt":"2020-05-04T11:15:08","guid":{"rendered":"http:\/\/opala.es\/campamento\/?page_id=430"},"modified":"2022-11-09T12:38:53","modified_gmt":"2022-11-09T12:38:53","slug":"sobre-nosotros","status":"publish","type":"page","link":"https:\/\/academyhispaniam.com\/campamento\/?page_id=430","title":{"rendered":"Sobre Nosotros"},"content":{"rendered":"<p>[vc_row css_animation=\u00bb\u00bb row_type=\u00bbrow\u00bb use_row_as_full_screen_section=\u00bbno\u00bb type=\u00bbgrid\u00bb angled_section=\u00bbno\u00bb text_align=\u00bbleft\u00bb background_image_as_pattern=\u00bbwithout_pattern\u00bb padding_top=\u00bb50&#8243; css=\u00bb.vc_custom_1590139185548{padding-bottom: 20px !important;}\u00bb z_index=\u00bb\u00bb el_id=\u00bbnuestramision\u00bb][vc_column][vc_column_text]<\/p>\n<h1>Nuestra misi\u00f3n<\/h1>\n<p>[\/vc_column_text][vc_column_text]Academy Hispaniam Temarr (Academia Espa\u00f1a Tierra, Mar y Aire) nace con una sola y ambiciosa intenci\u00f3n, la de ofrecer formaci\u00f3n a trav\u00e9s de distintos CAMPS de m\u00e1xima calidad. Gracias a la s\u00f3lida experiencia tanto a nivel alumno \/ profesor y contrataci\u00f3n de diferentes acciones formativas a nivel empresa, nos embarcamos con la ilusi\u00f3n y motivaci\u00f3n de poder hacer realidad nuestro proyecto.<\/p>\n<p>En estos a\u00f1os atr\u00e1s, realizamos un estudio detallado y minucioso de las necesidades a la hora de lanzar A.H.T. y decidimos aunar ciertas acciones prioritarias y fundamentales que estamos convencidos marcaran la diferencia. Las pr\u00e1cticas, las instalaciones, los instructores, los medios utilizados, la colaboraci\u00f3n directa con otras entidades especializadas en materias muy concretas son un conjunto de m\u00e1ximas garant\u00edas para la ejecuci\u00f3n de las actividades con eficacia.[\/vc_column_text][vc_column_text]Debemos dejar claro que nuestra intenci\u00f3n objetiva de base es clara, seremos humildes, autocr\u00edticos con nosotros mismos y nos adaptamos a las exigencias reales y necesarias. Buscar el equilibrio, eficacia aprendizaje y mejora en cuantos a los CAMP es nuestro objetivo final.<\/p>\n<p>Para nosotros lo mejor, imprescindible y esencial, es el ALUMNO, queremos que cada actividad que realicemos se convierta en algo\u00a0\u00a0 fraternal, apartado este, que si se consigue es porque hemos realizado bien el trabajo realizado.<\/p>\n<p>El respeto a nuestra constituci\u00f3n y lo que representa, el apoyo y admiraci\u00f3n a nuestros compa\u00f1eros de las FFAA Y FFCCSSE, o entidades p\u00fablicas y privadas de \u00e1mbito local y auton\u00f3mico relacionadas con la SEGURIDAD, son una norma b\u00e1sica en ACADEMY HISPANIAM TEMARR[\/vc_column_text][vc_row_inner row_type=\u00bbrow\u00bb type=\u00bbfull_width\u00bb text_align=\u00bbleft\u00bb css_animation=\u00bb\u00bb][vc_column_inner width=\u00bb1\/2&#8243; offset=\u00bbvc_col-lg-6 vc_col-md-6&#8243;][qode_elements_holder number_of_columns=\u00bbone_column\u00bb][qode_elements_holder_item advanced_animations=\u00bbno\u00bb item_padding_1280_1440=\u00bb9% 11% 0 122px\u00bb item_padding_1024_1280=\u00bb9% 11% 0 122px\u00bb item_padding_768_1024=\u00bb0% 6% 0 99px\u00bb item_padding_600_768=\u00bb15% 12% 0 89px\u00bb item_padding_480_600=\u00bb15% 5% 0 41px\u00bb item_padding_480=\u00bb15% 5% 0 41px\u00bb][vc_empty_space height=\u00bb5px\u00bb][\/qode_elements_holder_item][\/qode_elements_holder][\/vc_column_inner][vc_column_inner width=\u00bb1\/2&#8243; offset=\u00bbvc_col-lg-6 vc_col-md-6 vc_col-sm-offset-0&#8243;][qode_elements_holder number_of_columns=\u00bbone_column\u00bb][qode_elements_holder_item advanced_animations=\u00bbno\u00bb item_padding_1280_1440=\u00bb9% 11% 0 122px\u00bb item_padding_1024_1280=\u00bb9% 11% 0 122px\u00bb item_padding_768_1024=\u00bb0% 6% 0 99px\u00bb item_padding_600_768=\u00bb15% 12% 0 89px\u00bb item_padding_480_600=\u00bb15% 5% 0 41px\u00bb item_padding_480=\u00bb15% 5% 0 41px\u00bb]<a  itemprop=\"url\" href=\"https:\/\/academyhispaniam.com\/campamento\/?page_id=231\" target=\"_self\"  class=\"qbutton  default\" style=\"font-family: Roboto Slab; \">\u00a1Estoy decidido!<\/a>[\/qode_elements_holder_item][\/qode_elements_holder][\/vc_column_inner][\/vc_row_inner][vc_empty_space height=\u00bb40px\u00bb][\/vc_column][\/vc_row][vc_row css_animation=\u00bb\u00bb row_type=\u00bbrow\u00bb use_row_as_full_screen_section=\u00bbno\u00bb type=\u00bbgrid\u00bb angled_section=\u00bbno\u00bb text_align=\u00bbleft\u00bb background_image_as_pattern=\u00bbwithout_pattern\u00bb padding_top=\u00bb50&#8243; css=\u00bb.vc_custom_1590139210145{padding-bottom: 20px !important;background-image: url(https:\/\/academyhispaniam.com\/campamento\/wp-content\/uploads\/2020\/04\/contact-img-2.jpg?id=326) !important;}\u00bb z_index=\u00bb\u00bb][vc_column][vc_column_text]<\/p>\n<h1>Modelo de direcci\u00f3n<\/h1>\n<p>[\/vc_column_text][vc_column_text]La direcci\u00f3n de Academy Hispaniam Temarr es la encargada de la organizaci\u00f3n, gesti\u00f3n, distribuci\u00f3n, desarrollo y ejecuci\u00f3n de todas las actividades de una manera integral.<\/p>\n<p>En nuestra direcci\u00f3n se desarrollan la necesaria innovaci\u00f3n y capacidad de respuesta ante cualquier cambio que nos puedan afectar a corto, medio y largo plazo en cualquier situaci\u00f3n ya sea de la \u00edndole que sea.<\/p>\n<p>Utilizamos el m\u00e9todo de: \u201cLiderazgo participativo o democr\u00e1tico\u201d, que significa esto? A pesar de que es el l\u00edder democr\u00e1tico el que toma la \u00faltima decisi\u00f3n, la direcci\u00f3n invita siempre a los miembros de su equipo a contribuir con el proceso de toma de decisiones. Los miembros de nuestro equipo tienen el control de su propio destino interno departamental, as\u00ed, est\u00e1n siempre motivados, a trabajar duro, a conseguir la excelencia, poniendo la satisfacci\u00f3n profesional como objetivo principal.[\/vc_column_text][vc_column_text]Este estilo de liderazgo lo asumimos y lo desarrollamos porque es esencial el trabajo en equipo. En ACADEMY HISPANIAM TEMARR entendemos que la calidad, es m\u00e1s importante que la velocidad o la productividad.<\/p>\n<p>Una norma que tenemos en la Direcci\u00f3n es\u00a0 la SINCERIDAD\u00a0 a la hora de GESTIONAR cualquier departamento en cualquier momento o circunstancia.[\/vc_column_text][vc_column_text]<\/p>\n<p style=\"text-align: center;\"><strong>Como bien dijo Dwight D. Eisenhower<\/strong><\/p>\n<p style=\"text-align: center;\"><strong>\u201cEn la preparaci\u00f3n para una batalla siempre he aprendido que los planes son in\u00fatiles, pero tambi\u00e9n que la planificaci\u00f3n es indispensable.\u201d<\/strong><\/p>\n<p>[\/vc_column_text][\/vc_column][\/vc_row][vc_row css_animation=\u00bb\u00bb row_type=\u00bbrow\u00bb use_row_as_full_screen_section=\u00bbno\u00bb type=\u00bbgrid\u00bb angled_section=\u00bbno\u00bb text_align=\u00bbleft\u00bb background_image_as_pattern=\u00bbwithout_pattern\u00bb padding_top=\u00bb50&#8243; css=\u00bb.vc_custom_1588680884013{padding-bottom: 20px !important;}\u00bb z_index=\u00bb\u00bb][vc_column][vc_column_text]<\/p>\n<h1>Grupo A.L.PRE.<\/h1>\n<h1 style=\"font-size: 28px;\"><\/h1>\n<p>[\/vc_column_text][vc_column_text]El GRUPO A.L.PRE. ( Atenci\u00f3n,Log\u00edstica y Prevenci\u00f3n) da soporte a todos los departamentos de ACADEMY HISPANIAM TEMARR y a su vez a las secciones \u201cH.T.T.\u201d \u00a0Hispaniam Tactical Training\u00a0 y al \u00a0\u201cC.O.M.H.T.\u201d Campamento Orientaci\u00f3n Militar para J\u00f3venes Cadetes Hispaniam Temarr .<\/p>\n<p>Esta creado y sustentado por un equipo de personas cuya preparaci\u00f3n es espec\u00edfica para la atenci\u00f3n, log\u00edstica y prevenci\u00f3n y as\u00ed, poder organizar y gestionar cualquier tipo de actividad.[\/vc_column_text][vc_column_text]El responsable m\u00e1ximo de A.L.PRE, posee una gran experiencia militar y civil. Es un referente en la organizaci\u00f3n de actividades p\u00fablicas y privadas, donde la exigencia es muy intensa por diversas facetas como son la gesti\u00f3n integral de eventos multitudinarios. Bajo su direcci\u00f3n, tiene un equipo compacto y capaz para la gesti\u00f3n de la administraci\u00f3n, log\u00edstica de material y necesidades, conocimiento de tecnolog\u00edas, programas inform\u00e1ticos y de fotograf\u00eda, gesti\u00f3n documental, idiomas (ingles), carnet de conducir de diferentes clases, formaci\u00f3n sobre actuaci\u00f3n en primeros auxilios, soporte vital b\u00e1sico y uso de desfibrilaci\u00f3n autom\u00e1tica externa.[\/vc_column_text][\/vc_column][\/vc_row][vc_row css_animation=\u00bb\u00bb row_type=\u00bbrow\u00bb use_row_as_full_screen_section=\u00bbno\u00bb type=\u00bbgrid\u00bb angled_section=\u00bbno\u00bb text_align=\u00bbleft\u00bb background_image_as_pattern=\u00bbwithout_pattern\u00bb padding_top=\u00bb50&#8243; css=\u00bb.vc_custom_1642709058134{padding-bottom: 20px !important;background: rgba(10,10,10,0.18) url(https:\/\/academyhispaniam.com\/campamento\/wp-content\/uploads\/2020\/05\/background-2.jpg?id=479) !important;background-position: center !important;background-repeat: no-repeat !important;background-size: cover !important;*background-color: rgb(10,10,10) !important;}\u00bb z_index=\u00bb\u00bb background_color=\u00bbrgba(10,10,10,0.3)\u00bb][vc_column][vc_column_text]<\/p>\n<h1>Nuestro equipo instructor<\/h1>\n<p>[\/vc_column_text][vc_column_text]Son parte fundamental y esencial, la actitud y aptitud de un instructor deben de ir a la par y podemos estar orgullosos de contar con los mejores a nivel personal, y profesional.<\/p>\n<p>Cumplen un requisito indispensable en ACADEMY HISPANIAM TEMARR que es, el de su formaci\u00f3n constante, entendemos que un instructor debe de estar recicl\u00e1ndose y form\u00e1ndose siempre para as\u00ed, poder ofrecer una ense\u00f1anza de calidad.<\/p>\n<p>Todos nuestros instructores han pertenecido, pertenecen o est\u00e1n vinculados con nuestras FFAASS y FFCCSSE en diferentes unidades.<\/p>\n<p>En los departamentos creados en Academy Hispaniam Temarr, hay un Instructor que ser\u00e1 el m\u00e1ximo responsable y especialista.<\/p>\n<p>La formaci\u00f3n de cada uno de los miembros del grupo de formadores es muy amplia a nivel operativa. Esto hace que se complementen activamente en cualquier departamento para colaborar entre s\u00ed, formando un grupo compacto y eficaz.[\/vc_column_text][vc_column_text]Nuestros instructores cuentan con las titulaciones debidamente reguladas y homologadas por diferentes entidades que les capacita para poder ofrecer clases con las m\u00e1ximas garant\u00edas.<\/p>\n<p>Respecto al campamento de orientaci\u00f3n militar para j\u00f3venes cadetes Hispaniam Temarr los instructores cuentan con las pertinentes titulaciones en la categor\u00eda que le pertenece como puede de ser: Coordinador de tiempo libre, Monitor de Nivel, o Monitores de ocio y tiempo libre. Obligatoriamente para trabajar con menores se solicitan certificados de carecer de antecedentes sobre delitos sexuales.<\/p>\n<p>Todos nuestros instructores tienen sus seguros de responsabilidad civil y accidentes en vigor y al d\u00eda.<\/p>\n<p>Tenemos convenios de colaboraci\u00f3n con entidades privadas para la realizaci\u00f3n de cursos de especializaci\u00f3n muy estricta, pero bajo supervisi\u00f3n y gesti\u00f3n de ACADEMY HISPANIAM TEMARR.<\/p>\n<p>&nbsp;<\/p>\n<p>&nbsp;<\/p>\n<p>[\/vc_column_text][vc_row_inner row_type=\u00bbrow\u00bb type=\u00bbfull_width\u00bb text_align=\u00bbleft\u00bb css_animation=\u00bb\u00bb][vc_column_inner width=\u00bb1\/2&#8243; offset=\u00bbvc_col-lg-6 vc_col-md-6&#8243;][qode_elements_holder number_of_columns=\u00bbone_column\u00bb][qode_elements_holder_item advanced_animations=\u00bbno\u00bb item_padding_1280_1440=\u00bb9% 11% 0 122px\u00bb item_padding_1024_1280=\u00bb9% 11% 0 122px\u00bb item_padding_768_1024=\u00bb0% 6% 0 99px\u00bb item_padding_600_768=\u00bb15% 12% 0 89px\u00bb item_padding_480_600=\u00bb15% 5% 0 41px\u00bb item_padding_480=\u00bb15% 5% 0 41px\u00bb][\/qode_elements_holder_item][\/qode_elements_holder][\/vc_column_inner][vc_column_inner width=\u00bb1\/2&#8243; offset=\u00bbvc_col-lg-6 vc_col-md-6 vc_col-sm-offset-0&#8243;][qode_elements_holder number_of_columns=\u00bbone_column\u00bb][qode_elements_holder_item advanced_animations=\u00bbno\u00bb item_padding_1280_1440=\u00bb9% 11% 0 122px\u00bb item_padding_1024_1280=\u00bb9% 11% 0 122px\u00bb item_padding_768_1024=\u00bb0% 6% 0 99px\u00bb item_padding_600_768=\u00bb15% 12% 0 89px\u00bb item_padding_480_600=\u00bb15% 5% 0 41px\u00bb item_padding_480=\u00bb15% 5% 0 41px\u00bb][vc_empty_space height=\u00bb20px\u00bb][vc_column_text]<strong>\u00a0 \u201cSeas lo que seas, s\u00e9 uno de los buenos\u201d.<\/strong><\/p>\n<p><strong>\u00a0 \u00a0 \u00a0 \u00a0 \u00a0 \u00a0 \u00a0 \u00a0 \u00a0 \u00a0 \u00a0 \u00a0 \u00a0 \u00a0 \u00a0 \u00a0 \u00a0 \u00a0 \u00a0 \u00a0 \u00a0 \u00a0 \u00a0 \u00a0 \u00a0 \u00a0 \u00a0 \u00a0 \u00a0 \u00a0 \u00a0 \u00a0 \u00a0 \u00a0 \u00a0 \u00a0 \u00a0 \u00a0 \u00a0Abraham Lincoln<\/strong>[\/vc_column_text][\/qode_elements_holder_item][\/qode_elements_holder][\/vc_column_inner][\/vc_row_inner][\/vc_column][\/vc_row][vc_row css_animation=\u00bb\u00bb row_type=\u00bbrow\u00bb use_row_as_full_screen_section=\u00bbno\u00bb type=\u00bbgrid\u00bb angled_section=\u00bbno\u00bb text_align=\u00bbleft\u00bb background_image_as_pattern=\u00bbwithout_pattern\u00bb z_index=\u00bb\u00bb padding_top=\u00bb50&#8243;][vc_column][vc_column_text]<\/p>\n<h1 style=\"text-align: center;\"><strong>\u00a0INSTALACIONES ACADEMY HISPANIAM TEMARR<\/strong><\/h1>\n<p>[\/vc_column_text][vc_column_text]El desarrollo de las actividades y ejercicios de ACADEMY HISPANIAM TEMARR se realizan en tres fincas privadas, una cuenta con de m\u00e1s de 52.000 m2 que es nuestra base principal, donde hacemos la vida diaria, a la que llamamos\u00a0\u00a0 \u00abEL COMPLEJO\u201d, la segunda finca de m\u00e1s de 12.000 m2, es conocida como LA ZONA, donde tenemos ubicada nuestra pista de aplicaci\u00f3n y diversos escenarios t\u00e1cticos. La tercera finca que abarca m\u00e1s de 280.000 m2 La conocemos como \u00abLA COLINA \u00bb donde realizamos diversas actividades, en un entono completamente controlado, en plena naturaleza. La uni\u00f3n de estas tres parcelas, est\u00e1n extendidas entre s\u00ed por miles de m2 de su flora y fauna caracter\u00edstica del valle del Ti\u00e9tar junto a la Sierra de Gredos. No podemos olvidar la cercan\u00eda del r\u00edo y del pantano. Es de vital importancia informar a nuestros alumnos que, en este paraje, nosotros somos los invitados, y jam\u00e1s realizamos actos que perjudiquen el medio ambiente. Breve descripci\u00f3n de las instalaciones.[\/vc_column_text][\/vc_column][\/vc_row][vc_row css_animation=\u00bb\u00bb row_type=\u00bbrow\u00bb use_row_as_full_screen_section=\u00bbno\u00bb type=\u00bbgrid\u00bb angled_section=\u00bbno\u00bb text_align=\u00bbleft\u00bb background_image_as_pattern=\u00bbwithout_pattern\u00bb z_index=\u00bb\u00bb padding_top=\u00bb20&#8243; padding_bottom=\u00bb20&#8243;][vc_column width=\u00bb1\/3&#8243;][vc_column_text]1.- Caba\u00f1as de madera con varias configuraciones por n\u00famero de alumnos, con servicio completo, aire acondicionado y calefacci\u00f3n.[\/vc_column_text][\/vc_column][vc_column width=\u00bb1\/3&#8243;][vc_single_image image=\u00bb584&#8243; img_size=\u00bbmedium\u00bb qode_css_animation=\u00bb\u00bb][\/vc_column][vc_column width=\u00bb1\/3&#8243;][vc_single_image image=\u00bb564&#8243; img_size=\u00bbmedium\u00bb qode_css_animation=\u00bb\u00bb][\/vc_column][\/vc_row][vc_row css_animation=\u00bb\u00bb row_type=\u00bbrow\u00bb use_row_as_full_screen_section=\u00bbno\u00bb type=\u00bbgrid\u00bb angled_section=\u00bbno\u00bb text_align=\u00bbleft\u00bb background_image_as_pattern=\u00bbwithout_pattern\u00bb z_index=\u00bb\u00bb padding_top=\u00bb20&#8243; padding_bottom=\u00bb20&#8243;][vc_column width=\u00bb1\/3&#8243;][vc_column_text]2.- Cocina propia, para una comida sana y equilibrada, se realizan todo tipo de men\u00fas. Gestionamos dietas si el alumno necesita control alimenticio especial.[\/vc_column_text][\/vc_column][vc_column width=\u00bb1\/3&#8243;][vc_single_image image=\u00bb593&#8243; img_size=\u00bbmedium\u00bb qode_css_animation=\u00bb\u00bb][\/vc_column][vc_column width=\u00bb1\/3&#8243;][vc_single_image image=\u00bb592&#8243; img_size=\u00bbmedium\u00bb qode_css_animation=\u00bb\u00bb][\/vc_column][\/vc_row][vc_row css_animation=\u00bb\u00bb row_type=\u00bbrow\u00bb use_row_as_full_screen_section=\u00bbno\u00bb type=\u00bbgrid\u00bb angled_section=\u00bbno\u00bb text_align=\u00bbleft\u00bb background_image_as_pattern=\u00bbwithout_pattern\u00bb z_index=\u00bb\u00bb padding_top=\u00bb20&#8243; padding_bottom=\u00bb20&#8243;][vc_column width=\u00bb1\/3&#8243;][vc_column_text]3.- Piscina con tres profundidades de grandes dimensiones en forma rectangular y pila de descanso.[\/vc_column_text][\/vc_column][vc_column width=\u00bb1\/3&#8243;][vc_single_image image=\u00bb595&#8243; img_size=\u00bbmedium\u00bb qode_css_animation=\u00bb\u00bb][\/vc_column][vc_column width=\u00bb1\/3&#8243;][vc_single_image image=\u00bb594&#8243; img_size=\u00bbmedium\u00bb qode_css_animation=\u00bb\u00bb][\/vc_column][\/vc_row][vc_row css_animation=\u00bb\u00bb row_type=\u00bbrow\u00bb use_row_as_full_screen_section=\u00bbno\u00bb type=\u00bbgrid\u00bb angled_section=\u00bbno\u00bb text_align=\u00bbleft\u00bb background_image_as_pattern=\u00bbwithout_pattern\u00bb z_index=\u00bb\u00bb padding_top=\u00bb20&#8243; padding_bottom=\u00bb20&#8243;][vc_column width=\u00bb1\/3&#8243;][vc_column_text]4.- Zona de cuadras y dos pistas de equitaci\u00f3n una cubierta y la otra al aire libre.[\/vc_column_text][\/vc_column][vc_column width=\u00bb1\/3&#8243;][vc_single_image image=\u00bb580&#8243; img_size=\u00bbmedium\u00bb qode_css_animation=\u00bb\u00bb][\/vc_column][vc_column width=\u00bb1\/3&#8243;][vc_single_image image=\u00bb576&#8243; img_size=\u00bbmedium\u00bb qode_css_animation=\u00bb\u00bb][\/vc_column][\/vc_row][vc_row css_animation=\u00bb\u00bb row_type=\u00bbrow\u00bb use_row_as_full_screen_section=\u00bbno\u00bb type=\u00bbgrid\u00bb angled_section=\u00bbno\u00bb text_align=\u00bbleft\u00bb background_image_as_pattern=\u00bbwithout_pattern\u00bb z_index=\u00bb\u00bb padding_top=\u00bb20&#8243; padding_bottom=\u00bb20&#8243;][vc_column width=\u00bb1\/3&#8243;][vc_column_text]5.- Zonas deportivas con multitud de pistas diferentes para el desarrollo de todo tipo de actividades.[\/vc_column_text][\/vc_column][vc_column width=\u00bb1\/3&#8243;][vc_single_image image=\u00bb583&#8243; img_size=\u00bbmedium\u00bb qode_css_animation=\u00bb\u00bb][\/vc_column][vc_column width=\u00bb1\/3&#8243;][vc_single_image image=\u00bb596&#8243; img_size=\u00bbmedium\u00bb qode_css_animation=\u00bb\u00bb][\/vc_column][\/vc_row][vc_row css_animation=\u00bb\u00bb row_type=\u00bbrow\u00bb use_row_as_full_screen_section=\u00bbno\u00bb type=\u00bbgrid\u00bb angled_section=\u00bbno\u00bb text_align=\u00bbleft\u00bb background_image_as_pattern=\u00bbwithout_pattern\u00bb z_index=\u00bb\u00bb padding_top=\u00bb20&#8243; padding_bottom=\u00bb20&#8243;][vc_column width=\u00bb1\/3&#8243;][vc_column_text]6.- Aula de formaci\u00f3n con todo lo necesario para la realizaci\u00f3n de las diferentes te\u00f3ricas, contamos con todo lo imprescindible.[\/vc_column_text][\/vc_column][vc_column width=\u00bb1\/3&#8243;][vc_single_image image=\u00bb739&#8243; img_size=\u00bbmedium\u00bb qode_css_animation=\u00bb\u00bb][\/vc_column][vc_column width=\u00bb1\/3&#8243;][vc_single_image image=\u00bb712&#8243; img_size=\u00bbmedium\u00bb qode_css_animation=\u00bb\u00bb][\/vc_column][\/vc_row][vc_row css_animation=\u00bb\u00bb row_type=\u00bbrow\u00bb use_row_as_full_screen_section=\u00bbno\u00bb type=\u00bbgrid\u00bb angled_section=\u00bbno\u00bb text_align=\u00bbleft\u00bb background_image_as_pattern=\u00bbwithout_pattern\u00bb z_index=\u00bb\u00bb padding_top=\u00bb20&#8243; padding_bottom=\u00bb20&#8243;][vc_column width=\u00bb1\/3&#8243;][vc_column_text]7.- Zona de Pista Militar o de aplicaci\u00f3n. A la vez en esa zona se realizan varias actividades por su configuraci\u00f3n m\u00f3vil.[\/vc_column_text][\/vc_column][vc_column width=\u00bb1\/3&#8243;][vc_single_image image=\u00bb714&#8243; img_size=\u00bbmedium\u00bb qode_css_animation=\u00bb\u00bb][\/vc_column][vc_column width=\u00bb1\/3&#8243;][vc_single_image image=\u00bb715&#8243; img_size=\u00bbmedium\u00bb qode_css_animation=\u00bb\u00bb][\/vc_column][\/vc_row][vc_row css_animation=\u00bb\u00bb row_type=\u00bbrow\u00bb use_row_as_full_screen_section=\u00bbno\u00bb type=\u00bbgrid\u00bb angled_section=\u00bbno\u00bb text_align=\u00bbleft\u00bb background_image_as_pattern=\u00bbwithout_pattern\u00bb z_index=\u00bb\u00bb padding_top=\u00bb20&#8243; padding_bottom=\u00bb20&#8243;][vc_column width=\u00bb1\/3&#8243;][vc_column_text]8.- Zonas de Escalada fija, zonas de aprendizaje y zonas de ejercicio a\u00e9reos mediante cuerdas.[\/vc_column_text][\/vc_column][vc_column width=\u00bb1\/3&#8243;][vc_single_image image=\u00bb710&#8243; img_size=\u00bbmedium\u00bb qode_css_animation=\u00bb\u00bb][\/vc_column][vc_column width=\u00bb1\/3&#8243;][vc_single_image image=\u00bb711&#8243; img_size=\u00bbmedium\u00bb qode_css_animation=\u00bb\u00bb][\/vc_column][\/vc_row][vc_row css_animation=\u00bb\u00bb row_type=\u00bbrow\u00bb use_row_as_full_screen_section=\u00bbno\u00bb type=\u00bbgrid\u00bb angled_section=\u00bbno\u00bb text_align=\u00bbleft\u00bb background_image_as_pattern=\u00bbwithout_pattern\u00bb z_index=\u00bb\u00bb padding_top=\u00bb20&#8243; padding_bottom=\u00bb20&#8243;][vc_column width=\u00bb1\/3&#8243;][vc_column_text]9.- Zona pr\u00f3xima a varios pantanos donde realizamos diferentes actividades.[\/vc_column_text][\/vc_column][vc_column width=\u00bb1\/3&#8243;][vc_single_image image=\u00bb540&#8243; img_size=\u00bbmedium\u00bb qode_css_animation=\u00bb\u00bb][\/vc_column][vc_column width=\u00bb1\/3&#8243;][vc_single_image image=\u00bb547&#8243; img_size=\u00bbmedium\u00bb qode_css_animation=\u00bb\u00bb][\/vc_column][\/vc_row][vc_row css_animation=\u00bb\u00bb row_type=\u00bbrow\u00bb use_row_as_full_screen_section=\u00bbno\u00bb type=\u00bbgrid\u00bb angled_section=\u00bbno\u00bb text_align=\u00bbleft\u00bb background_image_as_pattern=\u00bbwithout_pattern\u00bb z_index=\u00bb\u00bb padding_top=\u00bb20&#8243; padding_bottom=\u00bb20&#8243;][vc_column width=\u00bb1\/3&#8243;][vc_column_text]10.- Contamos con la cercan\u00eda del r\u00edo para poder realizar diferentes t\u00e1cticas y t\u00e9cnicas.[\/vc_column_text][\/vc_column][vc_column width=\u00bb1\/3&#8243;][vc_single_image image=\u00bb552&#8243; img_size=\u00bbmedium\u00bb qode_css_animation=\u00bb\u00bb][\/vc_column][vc_column width=\u00bb1\/3&#8243;][vc_single_image image=\u00bb664&#8243; img_size=\u00bbmedium\u00bb qode_css_animation=\u00bb\u00bb][\/vc_column][\/vc_row]<\/p>\n","protected":false},"excerpt":{"rendered":"<p>[vc_row css_animation=\u00bb\u00bb row_type=\u00bbrow\u00bb use_row_as_full_screen_section=\u00bbno\u00bb type=\u00bbgrid\u00bb angled_section=\u00bbno\u00bb text_align=\u00bbleft\u00bb background_image_as_pattern=\u00bbwithout_pattern\u00bb padding_top=\u00bb50&#8243; css=\u00bb.vc_custom_1590139185548{padding-bottom: 20px !important;}\u00bb z_index=\u00bb\u00bb el_id=\u00bbnuestramision\u00bb][vc_column][vc_column_text] Nuestra misi\u00f3n [\/vc_column_text][vc_column_text]Academy Hispaniam Temarr (Academia Espa\u00f1a Tierra, Mar y Aire) nace con una sola y ambiciosa intenci\u00f3n, la de ofrecer formaci\u00f3n a trav\u00e9s de distintos CAMPS de m\u00e1xima calidad. Gracias&#8230;<\/p>\n","protected":false},"author":1,"featured_media":0,"parent":0,"menu_order":0,"comment_status":"closed","ping_status":"closed","template":"full_width.php","meta":{"_eb_attr":"","footnotes":""},"class_list":["post-430","page","type-page","status-publish","hentry"],"_links":{"self":[{"href":"https:\/\/academyhispaniam.com\/campamento\/index.php?rest_route=\/wp\/v2\/pages\/430","targetHints":{"allow":["GET"]}}],"collection":[{"href":"https:\/\/academyhispaniam.com\/campamento\/index.php?rest_route=\/wp\/v2\/pages"}],"about":[{"href":"https:\/\/academyhispaniam.com\/campamento\/index.php?rest_route=\/wp\/v2\/types\/page"}],"author":[{"embeddable":true,"href":"https:\/\/academyhispaniam.com\/campamento\/index.php?rest_route=\/wp\/v2\/users\/1"}],"replies":[{"embeddable":true,"href":"https:\/\/academyhispaniam.com\/campamento\/index.php?rest_route=%2Fwp%2Fv2%2Fcomments&post=430"}],"version-history":[{"count":121,"href":"https:\/\/academyhispaniam.com\/campamento\/index.php?rest_route=\/wp\/v2\/pages\/430\/revisions"}],"predecessor-version":[{"id":1054,"href":"https:\/\/academyhispaniam.com\/campamento\/index.php?rest_route=\/wp\/v2\/pages\/430\/revisions\/1054"}],"wp:attachment":[{"href":"https:\/\/academyhispaniam.com\/campamento\/index.php?rest_route=%2Fwp%2Fv2%2Fmedia&parent=430"}],"curies":[{"name":"wp","href":"https:\/\/api.w.org\/{rel}","templated":true}]}}